{"id":2,"date":"2016-10-20T10:29:26","date_gmt":"2016-10-20T10:29:26","guid":{"rendered":"http:\/\/www.kmse.se\/index\/?page_id=2"},"modified":"2025-12-01T07:18:04","modified_gmt":"2025-12-01T06:18:04","slug":"home-default","status":"publish","type":"page","link":"http:\/\/www.kmse.se\/index\/","title":{"rendered":"Home Default"},"content":{"rendered":"<div class=\"wpb-content-wrapper\"><p>[vc_row][vc_column][vc_empty_space alter_height=&#8221;big&#8221; hide_on_mobile=&#8221;&#8221;][\/vc_column][\/vc_row][vc_row border=&#8221;&#8221; css=&#8221;.vc_custom_1478874416084{background-position: 0 0 !important;background-repeat: no-repeat !important;}&#8221;][vc_column width=&#8221;1\/2&#8243;][vc_column_text css=&#8221;&#8221;]<\/p>\n<p style=\"text-align: justify;\"><strong>V\u00e4lkommen!<\/strong><br \/>\nVi utf\u00f6r alla typer av markarbete inom gr\u00e4v m.m. Se mer av vad vi kan erbjuda under fliken Tj\u00e4nster i menyn.<br \/>\nTveka inte att kontakta oss om ni \u00f6nskar en offert, s\u00e5 hittar ni v\u00e5ra kontaktuppgifter under fliken kontakt i menyn. V\u00e5ra offerter \u00e4r naturligtvis kostnadsfria.<br \/>\nVill ni bli uppringda s\u00e5 fyll i v\u00e5rt kontaktformul\u00e4r, s\u00e5 kontaktar vi er snarast m\u00f6jligt.<\/p>\n<p>Vi erbjuder b\u00e4sta kunskap, maskiner &amp; service &amp; alltid med kunden i centrum. Skicka enkelt en offertf\u00f6rfr\u00e5gan till oss p\u00e5 din nya projekt redan idag.<\/p>\n<p>[\/vc_column_text][\/vc_column][vc_column width=&#8221;1\/2&#8243; css=&#8221;.vc_custom_1479902229603{border-right-width: 80px !important;padding-left: 80px !important;}&#8221;][vc_single_image image=&#8221;1501&#8243; img_size=&#8221;full&#8221; css=&#8221;&#8221;][\/vc_column][\/vc_row][vc_row][vc_column][vc_empty_space alter_height=&#8221;big&#8221; hide_on_mobile=&#8221;&#8221;][\/vc_column][\/vc_row][vc_row full_width=&#8221;stretch_row&#8221; border=&#8221;light&#8221; css=&#8221;.vc_custom_1701005625906{background-image: url(http:\/\/www.kmse.se\/index\/wp-content\/uploads\/2023\/11\/Start_014.png?id=1380) !important;background-position: center !important;background-repeat: no-repeat !important;background-size: cover !important;}&#8221; el_class=&#8221;free_appointment_section&#8221;][vc_column width=&#8221;1\/2&#8243;][vc_empty_space height=&#8221;1em&#8221; alter_height=&#8221;huge&#8221; hide_on_mobile=&#8221;&#8221;][vc_empty_space height=&#8221;1.2333em&#8221; alter_height=&#8221;none&#8221; hide_on_mobile=&#8221;&#8221;][vc_custom_heading text=&#8221;Beg\u00e4r gratis&#8221; font_container=&#8221;tag:h2|text_align:left|color:%23ffffff&#8221; use_theme_fonts=&#8221;yes&#8221; css=&#8221;.vc_custom_1701005702066{margin-top: 0px !important;margin-bottom: 0px !important;}&#8221;][vc_custom_heading text=&#8221;Utn\u00e4mning!&#8221; font_container=&#8221;tag:h2|text_align:left|color:%23ffffff&#8221; use_theme_fonts=&#8221;yes&#8221; css=&#8221;.vc_custom_1701005740204{margin-top: 0px !important;margin-bottom: 0px !important;}&#8221;][vc_empty_space height=&#8221;1.15em&#8221; alter_height=&#8221;none&#8221; hide_on_mobile=&#8221;&#8221;][vc_empty_space height=&#8221;1em&#8221; hide_on_mobile=&#8221;&#8221;][vc_custom_heading text=&#8221;Vi finns tillg\u00e4ngliga f\u00f6r att hj\u00e4lpa dig varje steg p\u00e5 v\u00e4gen&#8221; font_container=&#8221;tag:h6|text_align:left|color:%23da841c&#8221; use_theme_fonts=&#8221;yes&#8221; css=&#8221;.vc_custom_1701005765641{margin-top: 0px !important;margin-bottom: 0px !important;}&#8221; el_class=&#8221;custom_letter_spacing&#8221;][vc_empty_space height=&#8221;0.4em&#8221; alter_height=&#8221;none&#8221; hide_on_mobile=&#8221;&#8221;][vc_custom_heading text=&#8221;med ditt byggprojekt.&#8221; font_container=&#8221;tag:h6|text_align:left|color:%23da841c&#8221; use_theme_fonts=&#8221;yes&#8221; css=&#8221;.vc_custom_1701005789269{margin-top: 0px !important;margin-bottom: 0px !important;}&#8221; el_class=&#8221;custom_letter_spacing&#8221;][vc_empty_space height=&#8221;1em&#8221; hide_on_mobile=&#8221;&#8221;][vc_empty_space height=&#8221;1.2em&#8221; alter_height=&#8221;none&#8221; hide_on_mobile=&#8221;&#8221;][vc_row_inner css=&#8221;.vc_custom_1582636243043{margin-right: 60px !important;margin-left: 2px !important;background-color: rgba(0,0,0,0.5) !important;*background-color: rgb(0,0,0) !important;}&#8221; el_class=&#8221;icons_container&#8221;][vc_column_inner][vc_empty_space height=&#8221;1em&#8221; hide_on_mobile=&#8221;&#8221;][vc_empty_space height=&#8221;0.6em&#8221; alter_height=&#8221;none&#8221; hide_on_mobile=&#8221;&#8221;][\/vc_column_inner][\/vc_row_inner][vc_empty_space height=&#8221;1.9333em&#8221; alter_height=&#8221;none&#8221; hide_on_mobile=&#8221;1&#8243;][vc_empty_space height=&#8221;1em&#8221; alter_height=&#8221;huge&#8221; hide_on_mobile=&#8221;1&#8243;][\/vc_column][vc_column width=&#8221;1\/2&#8243;][vc_empty_space height=&#8221;2em&#8221; alter_height=&#8221;big&#8221; hide_on_mobile=&#8221;1&#8243;][vc_empty_space height=&#8221;1.6833em&#8221; alter_height=&#8221;medium&#8221; hide_on_mobile=&#8221;&#8221;][vc_column_text]\n<div class=\"wpcf7 no-js\" id=\"wpcf7-f1197-o1\" lang=\"en-US\" dir=\"ltr\" data-wpcf7-id=\"1197\">\n<div class=\"screen-reader-response\"><p role=\"status\" aria-live=\"polite\" aria-atomic=\"true\"><\/p> <ul><\/ul><\/div>\n<form action=\"\/index\/wp-json\/wp\/v2\/pages\/2#wpcf7-f1197-o1\" method=\"post\" class=\"wpcf7-form init\" aria-label=\"Contact form\" novalidate=\"novalidate\" data-status=\"init\">\n<fieldset class=\"hidden-fields-container\"><input type=\"hidden\" name=\"_wpcf7\" value=\"1197\" \/><input type=\"hidden\" name=\"_wpcf7_version\" value=\"6.1.4\" \/><input type=\"hidden\" name=\"_wpcf7_locale\" value=\"en_US\" \/><input type=\"hidden\" name=\"_wpcf7_unit_tag\" value=\"wpcf7-f1197-o1\" \/><input type=\"hidden\" name=\"_wpcf7_container_post\" value=\"0\" \/><input type=\"hidden\" name=\"_wpcf7_posted_data_hash\" value=\"\" \/>\n<\/fieldset>\n<div class=\"flex\">\n<div class='itm row'><span class=\"wpcf7-form-control-wrap\" data-name=\"your-name\"><input size=\"40\" maxlength=\"400\" class=\"wpcf7-form-control wpcf7-text wpcf7-validates-as-required\" aria-required=\"true\" aria-invalid=\"false\" placeholder=\"Namn\" value=\"\" type=\"text\" name=\"your-name\" \/><\/span><\/div> \n<div class='itm row'><span class=\"wpcf7-form-control-wrap\" data-name=\"email-167\"><input size=\"40\" maxlength=\"400\" class=\"wpcf7-form-control wpcf7-email wpcf7-validates-as-required wpcf7-text wpcf7-validates-as-email\" aria-required=\"true\" aria-invalid=\"false\" placeholder=\"E-post\" value=\"\" type=\"email\" name=\"email-167\" \/><\/span><\/div><\/div>\n\n<div class=\"flex\">\n<div class='itm row'><span class=\"wpcf7-form-control-wrap\" data-name=\"tel-67\"><input size=\"40\" maxlength=\"400\" class=\"wpcf7-form-control wpcf7-tel wpcf7-validates-as-required wpcf7-text wpcf7-validates-as-tel\" aria-required=\"true\" aria-invalid=\"false\" placeholder=\"Telefon\" value=\"\" type=\"tel\" name=\"tel-67\" \/><\/span><\/div>\n<div class='itm row'><span class=\"wpcf7-form-control-wrap\" data-name=\"zip-code\"><input size=\"40\" maxlength=\"400\" class=\"wpcf7-form-control wpcf7-text wpcf7-validates-as-required\" aria-required=\"true\" aria-invalid=\"false\" placeholder=\"Postnummer\" value=\"\" type=\"text\" name=\"zip-code\" \/><\/span><\/div><\/div>\n\n<div class=''><span class=\"wpcf7-form-control-wrap\" data-name=\"your-message\"><textarea cols=\"40\" rows=\"1\" maxlength=\"2000\" class=\"wpcf7-form-control wpcf7-textarea wpcf7-validates-as-required\" aria-required=\"true\" aria-invalid=\"false\" placeholder=\"Meddelande\" name=\"your-message\"><\/textarea><\/span><\/div>\n<span class=\"wpcf7-form-control-wrap\" data-name=\"acceptance-158\"><span class=\"wpcf7-form-control wpcf7-acceptance\"><span class=\"wpcf7-list-item\"><label><input type=\"checkbox\" name=\"acceptance-158\" value=\"1\" aria-invalid=\"false\" \/><span class=\"wpcf7-list-item-label\">Jag samtycker till att mina inl\u00e4mnade uppgifter samlas in och lagras.<\/span><\/label><\/span><\/span><\/span>\n \n<div class=\"bt\"><input class=\"wpcf7-form-control wpcf7-submit has-spinner\" type=\"submit\" value=\"Skicka meddelande\" \/><\/div><div class=\"wpcf7-response-output\" aria-hidden=\"true\"><\/div>\n<\/form>\n<\/div>\n[\/vc_column_text][vc_empty_space height=&#8221;1.9333em&#8221; alter_height=&#8221;large&#8221; hide_on_mobile=&#8221;&#8221;][vc_empty_space height=&#8221;1.9333em&#8221; alter_height=&#8221;medium&#8221; hide_on_mobile=&#8221;&#8221;][\/vc_column][\/vc_row][vc_row][vc_column][vc_empty_space alter_height=&#8221;big&#8221; hide_on_mobile=&#8221;&#8221;][\/vc_column][\/vc_row][vc_row full_width=&#8221;stretch_row&#8221; border=&#8221;light&#8221; css=&#8221;.vc_custom_1701004713074{background-image: url(http:\/\/www.kmse.se\/index\/wp-content\/uploads\/2023\/11\/Start_011.png?id=1377) !important;}&#8221;][vc_column][vc_empty_space alter_height=&#8221;huge&#8221; hide_on_mobile=&#8221;&#8221;][vc_empty_space height=&#8221;0.0333em&#8221; alter_height=&#8221;none&#8221; hide_on_mobile=&#8221;&#8221;][vc_custom_heading text=&#8221;L\u00e4r dig mer om v\u00e5r&#8221; font_container=&#8221;tag:h6|font_size:13px|text_align:center|color:%23df7a25&#8243; use_theme_fonts=&#8221;yes&#8221; css=&#8221;.vc_custom_1701004798869{margin-top: 0px !important;margin-bottom: 0px !important;}&#8221; el_class=&#8221;custom_letter_spacing_2px&#8221;][vc_empty_space height=&#8221;0.85em&#8221; alter_height=&#8221;none&#8221; hide_on_mobile=&#8221;&#8221;][vc_separator color=&#8221;custom&#8221; el_width=&#8221;20&#8243; css=&#8221;.vc_custom_1479117310174{margin-top: 0px !important;margin-bottom: 0px !important;}&#8221; accent_color=&#8221;#645a4d&#8221;][vc_empty_space height=&#8221;1em&#8221; alter_height=&#8221;none&#8221; hide_on_mobile=&#8221;&#8221;][vc_custom_heading text=&#8221;Bearbeta&#8221; font_container=&#8221;tag:h1|font_size:55px|text_align:center|color:%231e73be&#8221; use_theme_fonts=&#8221;yes&#8221; css=&#8221;.vc_custom_1701004857862{margin-top: 0px !important;margin-bottom: 0px !important;}&#8221;][vc_empty_space height=&#8221;0.8rem&#8221; alter_height=&#8221;small&#8221; hide_on_mobile=&#8221;&#8221;][vc_empty_space height=&#8221;0.35em&#8221; alter_height=&#8221;none&#8221; hide_on_mobile=&#8221;&#8221;][vc_empty_space alter_height=&#8221;huge&#8221; hide_on_mobile=&#8221;&#8221;][vc_empty_space height=&#8221;2.15em&#8221; alter_height=&#8221;none&#8221; hide_on_mobile=&#8221;&#8221;][\/vc_column][\/vc_row][vc_row][vc_column][vc_empty_space alter_height=&#8221;large&#8221; hide_on_mobile=&#8221;&#8221;][\/vc_column][\/vc_row][vc_row full_width=&#8221;stretch_row&#8221; border=&#8221;dark&#8221; css=&#8221;.vc_custom_1479306679251{background-color: #f7f7f6 !important;}&#8221;][vc_column][vc_empty_space height=&#8221;3.5em&#8221; alter_height=&#8221;none&#8221; hide_on_mobile=&#8221;&#8221;][vc_empty_space height=&#8221;3.5em&#8221; alter_height=&#8221;none&#8221; hide_on_mobile=&#8221;&#8221;][vc_custom_heading text=&#8221;V\u00e5rt projekt&#8221; font_container=&#8221;tag:h6|text_align:center|color:%23000000&#8243; use_theme_fonts=&#8221;yes&#8221;][vc_empty_space height=&#8221;7.95em&#8221; hide_on_mobile=&#8221;&#8221;][vc_empty_space height=&#8221;7.95em&#8221; hide_on_mobile=&#8221;&#8221;][vc_empty_space height=&#8221;4em&#8221; alter_height=&#8221;none&#8221; hide_on_mobile=&#8221;&#8221;][vc_empty_space height=&#8221;6.1em&#8221; alter_height=&#8221;none&#8221; hide_on_mobile=&#8221;&#8221;][\/vc_column][\/vc_row][vc_row full_width=&#8221;stretch_row_content_no_spaces&#8221;][vc_column width=&#8221;1\/3&#8243;][vc_single_image image=&#8221;1406&#8243; img_size=&#8221;full&#8221; add_caption=&#8221;yes&#8221; alignment=&#8221;center&#8221;][\/vc_column][vc_column width=&#8221;1\/3&#8243;][vc_single_image image=&#8221;1405&#8243; img_size=&#8221;full&#8221; add_caption=&#8221;yes&#8221; alignment=&#8221;center&#8221;][\/vc_column][vc_column width=&#8221;1\/3&#8243;][vc_single_image image=&#8221;1404&#8243; img_size=&#8221;full&#8221; add_caption=&#8221;yes&#8221; alignment=&#8221;center&#8221;][\/vc_column][\/vc_row]<\/p>\n<\/div>","protected":false},"excerpt":{"rendered":"<p>[vc_row][vc_column][vc_empty_space alter_height=&#8221;big&#8221; hide_on_mobile=&#8221;&#8221;][\/vc_column][\/vc_row][vc_row border=&#8221;&#8221; css=&#8221;.vc_custom_1478874416084{background-position: 0 0 !important;background-repeat: no-repeat !important;}&#8221;][vc_column width=&#8221;1\/2&#8243;][vc_column_text css=&#8221;&#8221;] V\u00e4lkommen! Vi utf\u00f6r alla typer av markarbete inom gr\u00e4v m.m. Se mer av vad vi kan erbjuda under fliken Tj\u00e4nster i menyn. Tveka&hellip;<\/p>\n","protected":false},"author":1,"featured_media":0,"parent":0,"menu_order":0,"comment_status":"closed","ping_status":"closed","template":"","meta":{"footnotes":""},"class_list":["post-2","page","type-page","status-publish","hentry"],"_links":{"self":[{"href":"http:\/\/www.kmse.se\/index\/wp-json\/wp\/v2\/pages\/2","targetHints":{"allow":["GET"]}}],"collection":[{"href":"http:\/\/www.kmse.se\/index\/wp-json\/wp\/v2\/pages"}],"about":[{"href":"http:\/\/www.kmse.se\/index\/wp-json\/wp\/v2\/types\/page"}],"author":[{"embeddable":true,"href":"http:\/\/www.kmse.se\/index\/wp-json\/wp\/v2\/users\/1"}],"replies":[{"embeddable":true,"href":"http:\/\/www.kmse.se\/index\/wp-json\/wp\/v2\/comments?post=2"}],"version-history":[{"count":7,"href":"http:\/\/www.kmse.se\/index\/wp-json\/wp\/v2\/pages\/2\/revisions"}],"predecessor-version":[{"id":1665,"href":"http:\/\/www.kmse.se\/index\/wp-json\/wp\/v2\/pages\/2\/revisions\/1665"}],"wp:attachment":[{"href":"http:\/\/www.kmse.se\/index\/wp-json\/wp\/v2\/media?parent=2"}],"curies":[{"name":"wp","href":"https:\/\/api.w.org\/{rel}","templated":true}]}}