{"id":426,"date":"2016-10-20T12:25:17","date_gmt":"2016-10-20T12:25:17","guid":{"rendered":"http:\/\/www.kmse.se\/index\/?page_id=426"},"modified":"2025-11-30T11:43:37","modified_gmt":"2025-11-30T10:43:37","slug":"tjanster","status":"publish","type":"page","link":"http:\/\/www.kmse.se\/index\/tjanster\/","title":{"rendered":"Tj\u00e4nster"},"content":{"rendered":"<div class=\"wpb-content-wrapper\"><p>[vc_row][vc_column width=&#8221;1\/2&#8243;][vc_single_image image=&#8221;1543&#8243; img_size=&#8221;full&#8221; css=&#8221;&#8221;][\/vc_column][vc_column width=&#8221;1\/2&#8243;][vc_column_text css=&#8221;&#8221;]<strong>Tj\u00e4nster<\/strong><\/p>\n<p style=\"text-align: justify;\"><span style=\"color: #000000;\">Vi erbjuder b\u00e4sta kunskap, maskiner &amp; service &amp; alltid med kunden i centrum. Skicka enkelt en offertf\u00f6rfr\u00e5gan till oss p\u00e5 din nya projekt redan idag.<\/span><\/p>\n<p style=\"text-align: justify;\"><span style=\"color: #000000;\">Vi finns f\u00f6r att hj\u00e4lpa er med gr\u00e4v mm.. Tveka inte att kontakta oss om ni har n\u00e5gra fr\u00e5gor.<\/span><\/p>\n<p>[\/vc_column_text][\/vc_column][\/vc_row][vc_row][vc_column][vc_empty_space alter_height=&#8221;large&#8221; hide_on_mobile=&#8221;&#8221;][vc_empty_space height=&#8221;1.7333em&#8221; alter_height=&#8221;none&#8221; hide_on_mobile=&#8221;&#8221;][\/vc_column][\/vc_row][vc_row full_width=&#8221;stretch_row&#8221; scheme=&#8221;dark&#8221; border=&#8221;light&#8221; css=&#8221;.vc_custom_1701026806768{background-image: url(http:\/\/www.kmse.se\/index\/wp-content\/uploads\/2023\/11\/Start_012.png?id=1446) !important;}&#8221; el_class=&#8221;our_features_section&#8221;][vc_column][vc_empty_space height=&#8221;250&#8243; alter_height=&#8221;big&#8221; hide_on_mobile=&#8221;&#8221;][vc_empty_space height=&#8221;250&#8243; alter_height=&#8221;none&#8221; hide_on_mobile=&#8221;&#8221;][vc_empty_space height=&#8221;250&#8243; hide_on_mobile=&#8221;&#8221;][vc_empty_space height=&#8221;250&#8243; hide_on_mobile=&#8221;&#8221;][\/vc_column][\/vc_row]<\/p>\n<\/div>","protected":false},"excerpt":{"rendered":"<p>[vc_row][vc_column width=&#8221;1\/2&#8243;][vc_single_image image=&#8221;1543&#8243; img_size=&#8221;full&#8221; css=&#8221;&#8221;][\/vc_column][vc_column width=&#8221;1\/2&#8243;][vc_column_text css=&#8221;&#8221;]Tj\u00e4nster Vi erbjuder b\u00e4sta kunskap, maskiner &amp; service &amp; alltid med kunden i centrum. Skicka enkelt en offertf\u00f6rfr\u00e5gan till oss p\u00e5 din nya projekt redan idag. Vi finns f\u00f6r&hellip;<\/p>\n","protected":false},"author":1,"featured_media":0,"parent":0,"menu_order":0,"comment_status":"closed","ping_status":"closed","template":"","meta":{"footnotes":""},"class_list":["post-426","page","type-page","status-publish","hentry"],"_links":{"self":[{"href":"http:\/\/www.kmse.se\/index\/wp-json\/wp\/v2\/pages\/426","targetHints":{"allow":["GET"]}}],"collection":[{"href":"http:\/\/www.kmse.se\/index\/wp-json\/wp\/v2\/pages"}],"about":[{"href":"http:\/\/www.kmse.se\/index\/wp-json\/wp\/v2\/types\/page"}],"author":[{"embeddable":true,"href":"http:\/\/www.kmse.se\/index\/wp-json\/wp\/v2\/users\/1"}],"replies":[{"embeddable":true,"href":"http:\/\/www.kmse.se\/index\/wp-json\/wp\/v2\/comments?post=426"}],"version-history":[{"count":8,"href":"http:\/\/www.kmse.se\/index\/wp-json\/wp\/v2\/pages\/426\/revisions"}],"predecessor-version":[{"id":1646,"href":"http:\/\/www.kmse.se\/index\/wp-json\/wp\/v2\/pages\/426\/revisions\/1646"}],"wp:attachment":[{"href":"http:\/\/www.kmse.se\/index\/wp-json\/wp\/v2\/media?parent=426"}],"curies":[{"name":"wp","href":"https:\/\/api.w.org\/{rel}","templated":true}]}}